{"id":1091,"date":"2020-06-03T02:44:03","date_gmt":"2020-06-03T02:44:03","guid":{"rendered":"http:\/\/gestaerktausderkrise.de\/?page_id=1091"},"modified":"2020-06-03T07:55:26","modified_gmt":"2020-06-03T07:55:26","slug":"angebot","status":"publish","type":"page","link":"https:\/\/gestaerktausderkrise.de\/?page_id=1091","title":{"rendered":"Sherpani-Pakete"},"content":{"rendered":"\n[et_pb_section fb_built=&#8220;1&#8243; _builder_version=&#8220;4.4.7&#8243;][et_pb_row _builder_version=&#8220;4.4.7&#8243;][et_pb_column _builder_version=&#8220;4.4.7&#8243; type=&#8220;4_4&#8243;][et_pb_text _builder_version=&#8220;4.4.7&#8243; hover_enabled=&#8220;0&#8243;]<h2 style=\"text-align: center;\"><span>Unsere Sherpani-Begleitungspakete f\u00fcr Sie<\/span><span><\/span><\/h2>\n[\/et_pb_text][\/et_pb_column][\/et_pb_row][et_pb_row column_structure=&#8220;1_3,1_3,1_3&#8243; _builder_version=&#8220;4.4.7&#8243;][et_pb_column type=&#8220;1_3&#8243; _builder_version=&#8220;4.4.7&#8243;][et_pb_text _builder_version=&#8220;4.4.7&#8243; hover_enabled=&#8220;0&#8243;]<table height=\"65\" style=\"width: 350px; height: 70px; background-color: #ffef9f;\">\n<caption><\/caption>\n<tbody>\n<tr>\n<td style=\"width: 95px;\"><img loading=\"lazy\" decoding=\"async\" src=\"http:\/\/gestaerktausderkrise.de\/wp-content\/uploads\/2020\/05\/logo-gadk-2.png\" width=\"232\" height=\"184\" alt=\"\" class=\"wp-image-767 aligncenter size-full\" \/><\/td>\n<td style=\"width: 220.34375px;\">\n<h5><span style=\"color: #000000;\">Sherpani Paket Basic<\/span><\/h5>\n<\/td>\n<\/tr>\n<\/tbody>\n<\/table>\n[\/et_pb_text][et_pb_text _builder_version=&#8220;4.4.7&#8243; hover_enabled=&#8220;0&#8243;]<h3><span>Standortbestimmung<\/span><\/h3>\n<h5><span>Wo stehen wir auf dem Weg in die neue Normalit\u00e4t<\/span><\/h5>\n<p><span>Was wollen wir aus der Zeit der Krise mit ins Gep\u00e4ck nehmen f\u00fcr die neue Normalit\u00e4t?<\/span><\/p>\n<p><span>Fokus: <\/span><\/p>\n<ul>\n<li class=\"O0\"><span>Mitarbeiterf\u00fchrung<\/span><\/li>\n<li class=\"O0\"><span>Eigene F\u00fchrungsrolle<\/span><\/li>\n<li class=\"O0\"><span>Technik<\/span><\/li>\n<li class=\"O0\"><span>Organisation<\/span><\/li>\n<\/ul>\n<p><span>Was lassen wir bewusst zur\u00fcck?<\/span><\/p>\n<p><span>Was hat uns gut getan und sollte beibehalten werden?<\/span><\/p>\n<p><span>Welche Sinne gilt es zu sch\u00e4rfen?<\/span><\/p>\n<p><span>Wen oder was brauchen wir noch ?<\/span><\/p>\n[\/et_pb_text][et_pb_text _builder_version=&#8220;4.4.7&#8243; hover_enabled=&#8220;0&#8243; text_text_color=&#8220;#33cccc&#8220; header_text_color=&#8220;#33cccc&#8220;]<table height=\"46\" style=\"width: 333px;\">\n<tbody>\n<tr>\n<td style=\"width: 96.5px;\"><img loading=\"lazy\" decoding=\"async\" src=\"http:\/\/gestaerktausderkrise.de\/wp-content\/uploads\/2020\/06\/Pfeil.png\" width=\"72\" height=\"39\" alt=\"\" class=\"wp-image-1129 aligncenter size-full\" style=\"float: left;\" \/><\/td>\n<td style=\"width: 221.5px;\">\n<p><span>St\u00e4rken-Analyse<\/span><\/p>\n<\/td>\n<\/tr>\n<\/tbody>\n<\/table>[\/et_pb_text][\/et_pb_column][et_pb_column type=&#8220;1_3&#8243; _builder_version=&#8220;4.4.7&#8243;][et_pb_text _builder_version=&#8220;4.4.7&#8243; hover_enabled=&#8220;0&#8243;]<table height=\"65\" style=\"width: 350px; height: 70px; background-color: #c1fba4;\">\n<caption><\/caption>\n<tbody>\n<tr>\n<td style=\"width: 95px;\"><img loading=\"lazy\" decoding=\"async\" src=\"http:\/\/gestaerktausderkrise.de\/wp-content\/uploads\/2020\/05\/logo-gadk-2.png\" width=\"232\" height=\"184\" alt=\"\" class=\"wp-image-767 aligncenter size-full\" \/><\/td>\n<td style=\"width: 220.34375px;\">\n<h5><span style=\"color: #000000;\">Sherpani Paket Premium<\/span><\/h5>\n<\/td>\n<\/tr>\n<\/tbody>\n<\/table>\n[\/et_pb_text][et_pb_text _builder_version=&#8220;4.4.7&#8243; hover_enabled=&#8220;0&#8243;]<h4><span>Die neue Normalit\u00e4t aktiv gestalten<\/span><\/h4>\n<h5><span><br \/> <\/span><span>F\u00fchrung im Wandel \u2013 was hei\u00dft das f\u00fcr uns als F\u00fchrungskr\u00e4fte?<\/span><\/h5>\n<ul>\n<li class=\"O0\"><span>Rollenflexibilit\u00e4t &amp; Rollenklarheit &amp; Rollensch\u00e4rfung<\/span><\/li>\n<li class=\"O0\"><span>Mitarbeiterzentrierung- wie leben wir das mit virtuellen Teams<\/span><\/li>\n<li class=\"O0\"><span>Homeoffice \u2013 Frust oder Lust?<\/span><\/li>\n<li class=\"O0\"><span>Vertrauenskultur versus Kontrollzwang<\/span><\/li>\n<li class=\"O0\"><span>Lebensgerechte Arbeitszeitmodelle: Vereinbarkeit von Beruf &amp; Familie<\/span><\/li>\n<li class=\"O0\"><span>Gesundgerecht f\u00fchren sich und andere<\/span><\/li>\n<li class=\"O0\"><span>Selbstwirksamkeit erh\u00f6hen<\/span><\/li>\n<li class=\"O0\"><span>Selbstf\u00fchrung st\u00e4rken<\/span><\/li>\n<li class=\"O0\"><span>Arbeitgeberattraktivit\u00e4t Generationengerecht ( Y + Z)\u00a0 vorantreiben<\/span><\/li>\n<\/ul>\n[\/et_pb_text][et_pb_text _builder_version=&#8220;4.4.7&#8243; text_text_color=&#8220;#33cccc&#8220; header_text_color=&#8220;#33cccc&#8220;]<table height=\"46\" style=\"width: 333px;\">\n<tbody>\n<tr>\n<td style=\"width: 96.5px;\"><img loading=\"lazy\" decoding=\"async\" src=\"http:\/\/gestaerktausderkrise.de\/wp-content\/uploads\/2020\/06\/Pfeil.png\" width=\"72\" height=\"39\" alt=\"\" class=\"wp-image-1129 aligncenter size-full\" style=\"float: left;\" \/><\/td>\n<td style=\"width: 221.5px;\">\n<p><span>EAP + Positive Leadership<\/span><\/p>\n<\/td>\n<\/tr>\n<\/tbody>\n<\/table>[\/et_pb_text][\/et_pb_column][et_pb_column type=&#8220;1_3&#8243; _builder_version=&#8220;4.4.7&#8243;][et_pb_text _builder_version=&#8220;4.4.7&#8243; hover_enabled=&#8220;0&#8243;]<table height=\"65\" style=\"width: 350px; height: 70px; background-color: #7bf1a8;\">\n<caption><\/caption>\n<tbody>\n<tr>\n<td style=\"width: 95px;\"><img loading=\"lazy\" decoding=\"async\" src=\"http:\/\/gestaerktausderkrise.de\/wp-content\/uploads\/2020\/05\/logo-gadk-2.png\" width=\"232\" height=\"184\" alt=\"\" class=\"wp-image-767 aligncenter size-full\" \/><\/td>\n<td style=\"width: 220.34375px;\">\n<h5><span style=\"color: #000000;\">Sherpani Paket Excellence<\/span><\/h5>\n<\/td>\n<\/tr>\n<\/tbody>\n<\/table>\n[\/et_pb_text][et_pb_text _builder_version=&#8220;4.4.7&#8243; hover_enabled=&#8220;0&#8243;]<h3><span>Dran bleiben \u2013 erneuern<\/span><\/h3>\n<p><span>Dinge werden sich weiter ver\u00e4ndern\u2026Nach der Krise ist vor der Krise<\/span><\/p>\n<p><span>Eine leistungsstarke Organisation best\u00e4rkt ihre Teams und ihr F\u00fchrungsmannschaft darin, f\u00fcr gewisse Zeit Druck rauszunehmen, um sich selbst zu erneuern.<\/span><\/p>\n<p><span>\u00a0\u201eZeit f\u00fcr uns\u201c: Team-Dynamik<\/span><\/p>\n<p><span>Sich als Team regenerieren, sich nach zu justieren<\/span><\/p>\n<p><span><strong>?<\/strong> Wo stehen wir? Wie geht es uns damit?<\/span><\/p>\n<p><span><strong>?<\/strong> Wo wollen wir hin?<\/span><\/p>\n<p><span><strong>?<\/strong> Was treibt uns um?<\/span><\/p>\n<p><span><strong>?<\/strong> Gibt es latente Konflikt`?<\/span><\/p>\n<p><span><strong>?<\/strong> Hat unsere Arbeit immer noch ihren Sinn und hat eine Bedeutung? Wird sie wahrgenommen?<\/span><\/p>\n<p><span><strong>?<\/strong> Nehmen wir uns Zeit, voneinander zu lernen, miteinander zu lernen und aus diesen Erkenntnissen notwendige Schritte f\u00fcr die Zukunft abzuleiten<\/span><span>?<\/span><\/p>\n[\/et_pb_text][et_pb_text _builder_version=&#8220;4.4.7&#8243; text_text_color=&#8220;#33cccc&#8220; header_text_color=&#8220;#33cccc&#8220;]<table height=\"46\" style=\"width: 333px;\">\n<tbody>\n<tr>\n<td style=\"width: 96.5px;\"><img loading=\"lazy\" decoding=\"async\" src=\"http:\/\/gestaerktausderkrise.de\/wp-content\/uploads\/2020\/06\/Pfeil.png\" width=\"72\" height=\"39\" alt=\"\" class=\"wp-image-1129 aligncenter size-full\" style=\"float: left;\" \/><\/td>\n<td style=\"width: 221.5px;\">\n<p><span>Team-Dynamik Check<\/span><\/p>\n<\/td>\n<\/tr>\n<\/tbody>\n<\/table>[\/et_pb_text][\/et_pb_column][\/et_pb_row][\/et_pb_section]\n","protected":false},"excerpt":{"rendered":"<p>Unsere Sherpani-Begleitungspakete f\u00fcr Sie Sherpani Paket Basic Standortbestimmung Wo stehen wir auf dem Weg in die neue Normalit\u00e4t Was wollen wir aus der Zeit der Krise mit ins Gep\u00e4ck nehmen f\u00fcr die neue Normalit\u00e4t? Fokus: Mitarbeiterf\u00fchrung Eigene F\u00fchrungsrolle Technik Organisation Was lassen wir bewusst zur\u00fcck? Was hat uns gut getan und sollte beibehalten werden? Welche [&hellip;]<\/p>\n","protected":false},"author":2,"featured_media":0,"parent":0,"menu_order":0,"comment_status":"closed","ping_status":"closed","template":"","meta":{"_et_pb_use_builder":"on","_et_pb_old_content":"","_et_gb_content_width":"","footnotes":""},"_links":{"self":[{"href":"https:\/\/gestaerktausderkrise.de\/index.php?rest_route=\/wp\/v2\/pages\/1091"}],"collection":[{"href":"https:\/\/gestaerktausderkrise.de\/index.php?rest_route=\/wp\/v2\/pages"}],"about":[{"href":"https:\/\/gestaerktausderkrise.de\/index.php?rest_route=\/wp\/v2\/types\/page"}],"author":[{"embeddable":true,"href":"https:\/\/gestaerktausderkrise.de\/index.php?rest_route=\/wp\/v2\/users\/2"}],"replies":[{"embeddable":true,"href":"https:\/\/gestaerktausderkrise.de\/index.php?rest_route=%2Fwp%2Fv2%2Fcomments&post=1091"}],"version-history":[{"count":0,"href":"https:\/\/gestaerktausderkrise.de\/index.php?rest_route=\/wp\/v2\/pages\/1091\/revisions"}],"wp:attachment":[{"href":"https:\/\/gestaerktausderkrise.de\/index.php?rest_route=%2Fwp%2Fv2%2Fmedia&parent=1091"}],"curies":[{"name":"wp","href":"https:\/\/api.w.org\/{rel}","templated":true}]}}